{"id":2467,"date":"2022-08-24T10:52:56","date_gmt":"2022-08-24T07:52:56","guid":{"rendered":"https:\/\/visitoulu.fi\/?page_id=2467"},"modified":"2025-09-08T10:34:45","modified_gmt":"2025-09-08T07:34:45","slug":"oulun-matkailu-oy","status":"publish","type":"page","link":"https:\/\/visitoulufi-2025-10-14_10_27_17.test.cchosting.fi\/en\/oulun-matkailu-oy\/","title":{"rendered":"Oulu Tourism Oy"},"content":{"rendered":"<p><\/p>\n\n\n\n<p>Oulun Matkailu Oy is a company established in 2010 that manages and implements the joint marketing of tourism in the Oulu region. The company was founded and is owned by the City of Oulu, neighbouring municipalities and tourist centres, as well as tourism companies in the region.<\/p>\n\n\n\n<p>Oulun Matkailu Oy's business is tourism marketing. The main task of co-marketing is to market the area and at the same time attract new customers to the tourism area with top products. Joint marketing does not directly market or sell the company, but as the name suggests, it uses a jointly developed strategy and jointly collected resources to market the entire tourist area under the Visit Oulu and Pohjolan rengastie brands.<\/p>\n\n\n\n<p>Oulun Matkailu Oy is a member of USTOA, ATTA, CityDNA, Destinatons International, World Tourism Association for Culture &amp; Heritage, IGLTA, MaRa, We Speak Gay community, Oulu Entrepreneurs and Oulu Chamber of Commerce.<\/p>\n\n\n\n<p>Oulun Matkailu Oy is a Green Office-certified company and holds the Visit Finland Sustainable Travel Finland label.<\/p>","protected":false},"excerpt":{"rendered":"<p>Oulun Matkailu Oy on vuonna 2010 perustettu yhti\u00f6, joka johtaa ja toteuttaa Oulun seudun matkailun yhteismarkkinointia. Yhti\u00f6n perustajina ja omistajina ovat Oulun kaupunki, l\u00e4hikunnat ja matkailukeskukset sek\u00e4 seudun matkailuyritykset. Oulun Matkailu Oy:n toimialana on matkailumarkkinointi. Yhteismarkkinoinnin t\u00e4rkein teht\u00e4v\u00e4 on markkinoida aluetta ja samalla houkutella uusia asiakkaita matkailualueelle k\u00e4rkituotteiden avulla. Yhteismarkkinoinnilla ei tehd\u00e4 suoraan yrityksen markkinointia [&#8230;]<\/p>\n<p><a class=\"btn btn-secondary understrap-read-more-link\" href=\"https:\/\/visitoulufi-2025-10-14_10_27_17.test.cchosting.fi\/en\/oulun-matkailu-oy\/\">Read More&#8230;<span class=\"screen-reader-text\"> from Oulun Matkailu Oy<\/span><\/a><\/p>","protected":false},"author":7,"featured_media":0,"parent":0,"menu_order":0,"comment_status":"closed","ping_status":"closed","template":"","meta":{"_acf_changed":false,"content-type":"","footnotes":""},"coauthors":[153],"class_list":["post-2467","page","type-page","status-publish","hentry"],"acf":[],"yoast_head":"<!-- This site is optimized with the Yoast SEO plugin v26.0 - https:\/\/yoast.com\/wordpress\/plugins\/seo\/ -->\n<title>Oulun Matkailu Oy - Visit Oulu<\/title>\n<meta name=\"description\" content=\"Oulun Matkailu Oy on vuonna 2010 perustettu yhti\u00f6, joka johtaa ja toteuttaa Oulun seudun matkailun yhteismarkkinointia. Yhti\u00f6n perustajina ja omistajina ovat Oulun kaupunki, l\u00e4hikunnat ja matkailukeskukset sek\u00e4 seudun matkailuyritykset. Oulun Matkailu Oy:n toimialana on matkailumarkkinointi. Yhteismarkkinoinnin t\u00e4rkein teht\u00e4v\u00e4 on markkinoida aluetta ja samalla houkutella uusia asiakkaita matkailualueelle k\u00e4rkituotteiden avulla. Yhteismarkkinoinnilla ei tehd\u00e4 suoraan yrityksen markkinointia eik\u00e4 myynti\u00e4, vaan nimens\u00e4 mukaisesti yhdess\u00e4 tehdyll\u00e4 strategialla ja yhdess\u00e4 ker\u00e4tyill\u00e4 resursseilla markkinoidaan koko matkailualuetta Visit Oulu sek\u00e4 Pohjolan rengastie br\u00e4ndien alla.\" \/>\n<meta name=\"robots\" content=\"index, follow, max-snippet:-1, max-image-preview:large, max-video-preview:-1\" \/>\n<link rel=\"canonical\" href=\"https:\/\/visitoulufi-2025-10-14_10_27_17.test.cchosting.fi\/en\/oulun-matkailu-oy\/\" \/>\n<meta property=\"og:locale\" content=\"en_US\" \/>\n<meta property=\"og:type\" content=\"article\" \/>\n<meta property=\"og:title\" content=\"Oulun Matkailu Oy - Visit Oulu\" \/>\n<meta property=\"og:description\" content=\"Oulun Matkailu Oy on vuonna 2010 perustettu yhti\u00f6, joka johtaa ja toteuttaa Oulun seudun matkailun yhteismarkkinointia. Yhti\u00f6n perustajina ja omistajina ovat Oulun kaupunki, l\u00e4hikunnat ja matkailukeskukset sek\u00e4 seudun matkailuyritykset. Oulun Matkailu Oy:n toimialana on matkailumarkkinointi. Yhteismarkkinoinnin t\u00e4rkein teht\u00e4v\u00e4 on markkinoida aluetta ja samalla houkutella uusia asiakkaita matkailualueelle k\u00e4rkituotteiden avulla. Yhteismarkkinoinnilla ei tehd\u00e4 suoraan yrityksen markkinointia eik\u00e4 myynti\u00e4, vaan nimens\u00e4 mukaisesti yhdess\u00e4 tehdyll\u00e4 strategialla ja yhdess\u00e4 ker\u00e4tyill\u00e4 resursseilla markkinoidaan koko matkailualuetta Visit Oulu sek\u00e4 Pohjolan rengastie br\u00e4ndien alla.\" \/>\n<meta property=\"og:url\" content=\"https:\/\/visitoulufi-2025-10-14_10_27_17.test.cchosting.fi\/en\/oulun-matkailu-oy\/\" \/>\n<meta property=\"og:site_name\" content=\"Visit Oulu\" \/>\n<meta property=\"article:modified_time\" content=\"2025-09-08T07:34:45+00:00\" \/>\n<meta name=\"twitter:card\" content=\"summary_large_image\" \/>\n<meta name=\"twitter:label1\" content=\"Est. reading time\" \/>\n\t<meta name=\"twitter:data1\" content=\"7 minutes\" \/>\n\t<meta name=\"twitter:label2\" content=\"Written by\" \/>\n\t<meta name=\"twitter:data2\" content=\"Anniina Merikanto\" \/>\n<script type=\"application\/ld+json\" class=\"yoast-schema-graph\">{\"@context\":\"https:\/\/schema.org\",\"@graph\":[{\"@type\":\"WebPage\",\"@id\":\"https:\/\/visitoulufi-2025-10-14_10_27_17.test.cchosting.fi\/oulun-matkailu-oy\/\",\"url\":\"https:\/\/visitoulufi-2025-10-14_10_27_17.test.cchosting.fi\/oulun-matkailu-oy\/\",\"name\":\"Oulun Matkailu Oy - Visit Oulu\",\"isPartOf\":{\"@id\":\"https:\/\/visitoulufi-2025-10-14_10_27_17.test.cchosting.fi\/#website\"},\"datePublished\":\"2022-08-24T07:52:56+00:00\",\"dateModified\":\"2025-09-08T07:34:45+00:00\",\"description\":\"Oulun Matkailu Oy on vuonna 2010 perustettu yhti\u00f6, joka johtaa ja toteuttaa Oulun seudun matkailun yhteismarkkinointia. Yhti\u00f6n perustajina ja omistajina ovat Oulun kaupunki, l\u00e4hikunnat ja matkailukeskukset sek\u00e4 seudun matkailuyritykset. Oulun Matkailu Oy:n toimialana on matkailumarkkinointi. Yhteismarkkinoinnin t\u00e4rkein teht\u00e4v\u00e4 on markkinoida aluetta ja samalla houkutella uusia asiakkaita matkailualueelle k\u00e4rkituotteiden avulla. Yhteismarkkinoinnilla ei tehd\u00e4 suoraan yrityksen markkinointia eik\u00e4 myynti\u00e4, vaan nimens\u00e4 mukaisesti yhdess\u00e4 tehdyll\u00e4 strategialla ja yhdess\u00e4 ker\u00e4tyill\u00e4 resursseilla markkinoidaan koko matkailualuetta Visit Oulu sek\u00e4 Pohjolan rengastie br\u00e4ndien alla.\",\"breadcrumb\":{\"@id\":\"https:\/\/visitoulufi-2025-10-14_10_27_17.test.cchosting.fi\/oulun-matkailu-oy\/#breadcrumb\"},\"inLanguage\":\"en-US\",\"potentialAction\":[{\"@type\":\"ReadAction\",\"target\":[\"https:\/\/visitoulufi-2025-10-14_10_27_17.test.cchosting.fi\/oulun-matkailu-oy\/\"]}]},{\"@type\":\"BreadcrumbList\",\"@id\":\"https:\/\/visitoulufi-2025-10-14_10_27_17.test.cchosting.fi\/oulun-matkailu-oy\/#breadcrumb\",\"itemListElement\":[{\"@type\":\"ListItem\",\"position\":1,\"name\":\"Etusivu\",\"item\":\"https:\/\/visitoulufi-2025-10-14_10_27_17.test.cchosting.fi\/\"},{\"@type\":\"ListItem\",\"position\":2,\"name\":\"Oulun Matkailu Oy\"}]},{\"@type\":\"WebSite\",\"@id\":\"https:\/\/visitoulufi-2025-10-14_10_27_17.test.cchosting.fi\/#website\",\"url\":\"https:\/\/visitoulufi-2025-10-14_10_27_17.test.cchosting.fi\/\",\"name\":\"Visit Oulu\",\"description\":\"\",\"potentialAction\":[{\"@type\":\"SearchAction\",\"target\":{\"@type\":\"EntryPoint\",\"urlTemplate\":\"https:\/\/visitoulufi-2025-10-14_10_27_17.test.cchosting.fi\/?s={search_term_string}\"},\"query-input\":{\"@type\":\"PropertyValueSpecification\",\"valueRequired\":true,\"valueName\":\"search_term_string\"}}],\"inLanguage\":\"en-US\"}]}<\/script>\n<!-- \/ Yoast SEO plugin. -->","yoast_head_json":{"title":"Oulun Matkailu Oy - Visit Oulu","description":"Oulun Matkailu Oy is a company established in 2010 that manages and implements the joint marketing of tourism in the Oulu region. The company was founded and is owned by the City of Oulu, neighbouring municipalities and tourist centres, as well as tourism companies in the region. Oulun Matkailu Oy's business is tourism marketing. The main task of joint marketing is to market the region and at the same time attract new customers to the tourism area by means of top products. Joint marketing does not directly market or sell a company, but as the name suggests, it uses a jointly developed strategy and jointly collected resources to market the entire tourist area under the Visit Oulu and Pohjolan rengastie brands.","robots":{"index":"index","follow":"follow","max-snippet":"max-snippet:-1","max-image-preview":"max-image-preview:large","max-video-preview":"max-video-preview:-1"},"canonical":"https:\/\/visitoulufi-2025-10-14_10_27_17.test.cchosting.fi\/en\/oulun-matkailu-oy\/","og_locale":"en_US","og_type":"article","og_title":"Oulun Matkailu Oy - Visit Oulu","og_description":"Oulun Matkailu Oy on vuonna 2010 perustettu yhti\u00f6, joka johtaa ja toteuttaa Oulun seudun matkailun yhteismarkkinointia. Yhti\u00f6n perustajina ja omistajina ovat Oulun kaupunki, l\u00e4hikunnat ja matkailukeskukset sek\u00e4 seudun matkailuyritykset. Oulun Matkailu Oy:n toimialana on matkailumarkkinointi. Yhteismarkkinoinnin t\u00e4rkein teht\u00e4v\u00e4 on markkinoida aluetta ja samalla houkutella uusia asiakkaita matkailualueelle k\u00e4rkituotteiden avulla. Yhteismarkkinoinnilla ei tehd\u00e4 suoraan yrityksen markkinointia eik\u00e4 myynti\u00e4, vaan nimens\u00e4 mukaisesti yhdess\u00e4 tehdyll\u00e4 strategialla ja yhdess\u00e4 ker\u00e4tyill\u00e4 resursseilla markkinoidaan koko matkailualuetta Visit Oulu sek\u00e4 Pohjolan rengastie br\u00e4ndien alla.","og_url":"https:\/\/visitoulufi-2025-10-14_10_27_17.test.cchosting.fi\/en\/oulun-matkailu-oy\/","og_site_name":"Visit Oulu","article_modified_time":"2025-09-08T07:34:45+00:00","twitter_card":"summary_large_image","twitter_misc":{"Est. reading time":"7 minutes","Written by":"Anniina Merikanto"},"schema":{"@context":"https:\/\/schema.org","@graph":[{"@type":"WebPage","@id":"https:\/\/visitoulufi-2025-10-14_10_27_17.test.cchosting.fi\/oulun-matkailu-oy\/","url":"https:\/\/visitoulufi-2025-10-14_10_27_17.test.cchosting.fi\/oulun-matkailu-oy\/","name":"Oulun Matkailu Oy - Visit Oulu","isPartOf":{"@id":"https:\/\/visitoulufi-2025-10-14_10_27_17.test.cchosting.fi\/#website"},"datePublished":"2022-08-24T07:52:56+00:00","dateModified":"2025-09-08T07:34:45+00:00","description":"Oulun Matkailu Oy is a company established in 2010 that manages and implements the joint marketing of tourism in the Oulu region. The company was founded and is owned by the City of Oulu, neighbouring municipalities and tourist centres, as well as tourism companies in the region. Oulun Matkailu Oy's business is tourism marketing. The main task of joint marketing is to market the region and at the same time attract new customers to the tourism area by means of top products. Joint marketing does not directly market or sell a company, but as the name suggests, it uses a jointly developed strategy and jointly collected resources to market the entire tourist area under the Visit Oulu and Pohjolan rengastie brands.","breadcrumb":{"@id":"https:\/\/visitoulufi-2025-10-14_10_27_17.test.cchosting.fi\/oulun-matkailu-oy\/#breadcrumb"},"inLanguage":"en-US","potentialAction":[{"@type":"ReadAction","target":["https:\/\/visitoulufi-2025-10-14_10_27_17.test.cchosting.fi\/oulun-matkailu-oy\/"]}]},{"@type":"BreadcrumbList","@id":"https:\/\/visitoulufi-2025-10-14_10_27_17.test.cchosting.fi\/oulun-matkailu-oy\/#breadcrumb","itemListElement":[{"@type":"ListItem","position":1,"name":"Etusivu","item":"https:\/\/visitoulufi-2025-10-14_10_27_17.test.cchosting.fi\/"},{"@type":"ListItem","position":2,"name":"Oulun Matkailu Oy"}]},{"@type":"WebSite","@id":"https:\/\/visitoulufi-2025-10-14_10_27_17.test.cchosting.fi\/#website","url":"https:\/\/visitoulufi-2025-10-14_10_27_17.test.cchosting.fi\/","name":"Visit Oulu","description":"","potentialAction":[{"@type":"SearchAction","target":{"@type":"EntryPoint","urlTemplate":"https:\/\/visitoulufi-2025-10-14_10_27_17.test.cchosting.fi\/?s={search_term_string}"},"query-input":{"@type":"PropertyValueSpecification","valueRequired":true,"valueName":"search_term_string"}}],"inLanguage":"en-US"}]}},"_links":{"self":[{"href":"https:\/\/visitoulufi-2025-10-14_10_27_17.test.cchosting.fi\/en\/wp-json\/wp\/v2\/pages\/2467","targetHints":{"allow":["GET"]}}],"collection":[{"href":"https:\/\/visitoulufi-2025-10-14_10_27_17.test.cchosting.fi\/en\/wp-json\/wp\/v2\/pages"}],"about":[{"href":"https:\/\/visitoulufi-2025-10-14_10_27_17.test.cchosting.fi\/en\/wp-json\/wp\/v2\/types\/page"}],"author":[{"embeddable":true,"href":"https:\/\/visitoulufi-2025-10-14_10_27_17.test.cchosting.fi\/en\/wp-json\/wp\/v2\/users\/7"}],"replies":[{"embeddable":true,"href":"https:\/\/visitoulufi-2025-10-14_10_27_17.test.cchosting.fi\/en\/wp-json\/wp\/v2\/comments?post=2467"}],"version-history":[{"count":157,"href":"https:\/\/visitoulufi-2025-10-14_10_27_17.test.cchosting.fi\/en\/wp-json\/wp\/v2\/pages\/2467\/revisions"}],"predecessor-version":[{"id":12281,"href":"https:\/\/visitoulufi-2025-10-14_10_27_17.test.cchosting.fi\/en\/wp-json\/wp\/v2\/pages\/2467\/revisions\/12281"}],"wp:attachment":[{"href":"https:\/\/visitoulufi-2025-10-14_10_27_17.test.cchosting.fi\/en\/wp-json\/wp\/v2\/media?parent=2467"}],"wp:term":[{"taxonomy":"author","embeddable":true,"href":"https:\/\/visitoulufi-2025-10-14_10_27_17.test.cchosting.fi\/en\/wp-json\/wp\/v2\/coauthors?post=2467"}],"curies":[{"name":"wp","href":"https:\/\/api.w.org\/{rel}","templated":true}]}}